{"id":8539,"date":"2023-09-18T05:52:19","date_gmt":"2023-09-18T04:52:19","guid":{"rendered":"https:\/\/ple161.poznan.pl\/?page_id=8539"},"modified":"2025-10-01T21:43:25","modified_gmt":"2025-10-01T20:43:25","slug":"rok-szkolny-2023-2024","status":"publish","type":"page","link":"https:\/\/ple161.poznan.pl\/?page_id=8539","title":{"rendered":"Galeria"},"content":{"rendered":"","protected":true},"excerpt":{"rendered":"","protected":true},"author":2,"featured_media":0,"parent":0,"menu_order":0,"comment_status":"closed","ping_status":"closed","template":"","meta":{"ngg_post_thumbnail":0,"footnotes":""},"class_list":["post-8539","page","type-page","status-publish","post-password-required","hentry"],"yoast_head":"<!-- This site is optimized with the Yoast SEO plugin v27.5 - https:\/\/yoast.com\/product\/yoast-seo-wordpress\/ -->\n<title>Galeria - Przedszkole im. Ksi\u0119cia Przemys\u0142awa<\/title>\n<meta name=\"robots\" content=\"noindex, follow\" \/>\n<meta property=\"og:locale\" content=\"pl_PL\" \/>\n<meta property=\"og:type\" content=\"article\" \/>\n<meta property=\"og:title\" content=\"Galeria - Przedszkole im. Ksi\u0119cia Przemys\u0142awa\" \/>\n<meta property=\"og:description\" content=\"Brak zajawki, poniewa\u017c wpis jest zabezpieczony has\u0142em.\" \/>\n<meta property=\"og:url\" content=\"https:\/\/ple161.poznan.pl\/?page_id=8539\" \/>\n<meta property=\"og:site_name\" content=\"Przedszkole im. Ksi\u0119cia Przemys\u0142awa\" \/>\n<meta property=\"article:modified_time\" content=\"2025-10-01T20:43:25+00:00\" \/>\n<meta name=\"twitter:card\" content=\"summary_large_image\" \/>\n<meta name=\"twitter:label1\" content=\"Szacowany czas czytania\" \/>\n\t<meta name=\"twitter:data1\" content=\"1 minuta\" \/>\n<script type=\"application\/ld+json\" class=\"yoast-schema-graph\">{\"@context\":\"https:\\\/\\\/schema.org\",\"@graph\":[{\"@type\":\"WebPage\",\"@id\":\"https:\\\/\\\/ple161.poznan.pl\\\/?page_id=8539\",\"url\":\"https:\\\/\\\/ple161.poznan.pl\\\/?page_id=8539\",\"name\":\"Galeria - Przedszkole im. Ksi\u0119cia Przemys\u0142awa\",\"isPartOf\":{\"@id\":\"https:\\\/\\\/www.przedszkole161.pl\\\/#website\"},\"datePublished\":\"2023-09-18T04:52:19+00:00\",\"dateModified\":\"2025-10-01T20:43:25+00:00\",\"breadcrumb\":{\"@id\":\"https:\\\/\\\/ple161.poznan.pl\\\/?page_id=8539#breadcrumb\"},\"inLanguage\":\"pl-PL\"},{\"@type\":\"WebSite\",\"@id\":\"https:\\\/\\\/www.przedszkole161.pl\\\/#website\",\"url\":\"https:\\\/\\\/www.przedszkole161.pl\\\/\",\"name\":\"Przedszkole im. Ksi\u0119cia Przemys\u0142awa 161\",\"description\":\"\",\"potentialAction\":[{\"@type\":\"SearchAction\",\"target\":{\"@type\":\"EntryPoint\",\"urlTemplate\":\"https:\\\/\\\/www.przedszkole161.pl\\\/?s={search_term_string}\"},\"query-input\":{\"@type\":\"PropertyValueSpecification\",\"valueRequired\":true,\"valueName\":\"search_term_string\"}}],\"inLanguage\":\"pl-PL\"}]}<\/script>\n<!-- \/ Yoast SEO plugin. -->","yoast_head_json":{"title":"Galeria - Przedszkole im. Ksi\u0119cia Przemys\u0142awa","robots":{"index":"noindex","follow":"follow"},"og_locale":"pl_PL","og_type":"article","og_title":"Galeria - Przedszkole im. Ksi\u0119cia Przemys\u0142awa","og_description":"Brak zajawki, poniewa\u017c wpis jest zabezpieczony has\u0142em.","og_url":"https:\/\/ple161.poznan.pl\/?page_id=8539","og_site_name":"Przedszkole im. Ksi\u0119cia Przemys\u0142awa","article_modified_time":"2025-10-01T20:43:25+00:00","twitter_card":"summary_large_image","twitter_misc":{"Szacowany czas czytania":"1 minuta"},"schema":{"@context":"https:\/\/schema.org","@graph":[{"@type":"WebPage","@id":"https:\/\/ple161.poznan.pl\/?page_id=8539","url":"https:\/\/ple161.poznan.pl\/?page_id=8539","name":"Galeria - Przedszkole im. Ksi\u0119cia Przemys\u0142awa","isPartOf":{"@id":"https:\/\/www.przedszkole161.pl\/#website"},"datePublished":"2023-09-18T04:52:19+00:00","dateModified":"2025-10-01T20:43:25+00:00","breadcrumb":{"@id":"https:\/\/ple161.poznan.pl\/?page_id=8539#breadcrumb"},"inLanguage":"pl-PL"},{"@type":"WebSite","@id":"https:\/\/www.przedszkole161.pl\/#website","url":"https:\/\/www.przedszkole161.pl\/","name":"Przedszkole im. Ksi\u0119cia Przemys\u0142awa 161","description":"","potentialAction":[{"@type":"SearchAction","target":{"@type":"EntryPoint","urlTemplate":"https:\/\/www.przedszkole161.pl\/?s={search_term_string}"},"query-input":{"@type":"PropertyValueSpecification","valueRequired":true,"valueName":"search_term_string"}}],"inLanguage":"pl-PL"}]}},"_links":{"self":[{"href":"https:\/\/ple161.poznan.pl\/index.php?rest_route=\/wp\/v2\/pages\/8539","targetHints":{"allow":["GET"]}}],"collection":[{"href":"https:\/\/ple161.poznan.pl\/index.php?rest_route=\/wp\/v2\/pages"}],"about":[{"href":"https:\/\/ple161.poznan.pl\/index.php?rest_route=\/wp\/v2\/types\/page"}],"author":[{"embeddable":true,"href":"https:\/\/ple161.poznan.pl\/index.php?rest_route=\/wp\/v2\/users\/2"}],"replies":[{"embeddable":true,"href":"https:\/\/ple161.poznan.pl\/index.php?rest_route=%2Fwp%2Fv2%2Fcomments&post=8539"}],"version-history":[{"count":7,"href":"https:\/\/ple161.poznan.pl\/index.php?rest_route=\/wp\/v2\/pages\/8539\/revisions"}],"predecessor-version":[{"id":10687,"href":"https:\/\/ple161.poznan.pl\/index.php?rest_route=\/wp\/v2\/pages\/8539\/revisions\/10687"}],"wp:attachment":[{"href":"https:\/\/ple161.poznan.pl\/index.php?rest_route=%2Fwp%2Fv2%2Fmedia&parent=8539"}],"curies":[{"name":"wp","href":"https:\/\/api.w.org\/{rel}","templated":true}]}}