{"id":38,"date":"2012-12-02T16:55:57","date_gmt":"2012-12-02T16:55:57","guid":{"rendered":"http:\/\/test.dulemba.pl\/?page_id=38"},"modified":"2023-02-14T06:10:04","modified_gmt":"2023-02-14T05:10:04","slug":"o-nas","status":"publish","type":"page","link":"https:\/\/ple161.poznan.pl\/?page_id=38","title":{"rendered":"O Nas"},"content":{"rendered":"<p style=\"text-align: justify;\">Nasze przedszkole liczy pi\u0119\u0107 oddzia\u0142\u00f3w. W grupach jest nie wi\u0119cej ni\u017c pi\u0119tna\u015bcioro dzieci. Dzia\u0142alno\u015b\u0107 przedszkola trwa ju\u017c od ponad trzydziestu lat. Nad wychowaniem i edukacj\u0105 dzieci czuwa wykwalifikowana i nieustannie doskonal\u0105ca si\u0119 kadra pedagogiczna. Przedszkole ma do dyspozycji du\u017cy, ogrodzony ogr\u00f3dek, wyposa\u017cony w sprz\u0119t do zabawy dla dzieci. Tworzymy z\u017cyt\u0105 rodzin\u0119 dzieci, rodzic\u00f3w, nauczycieli i wszystkich pracownik\u00f3w przedszkola. Nasze przedszkole opiera prace na wspomaganiu i inspirowaniu dzia\u0142ania dzieci uwzgl\u0119dniaj\u0105c ich zdolno\u015bci i talenty. Na korzy\u015b\u0107 wszystkich dzia\u0142a obustronna wymiana my\u015bli i opinii mi\u0119dzy doros\u0142ymi a dzie\u0107mi. Jeste\u015bmy otwarci na nowe pomys\u0142y i sugestie rodzic\u00f3w zwi\u0105zane z potrzebami dzieci. Nauczyciele to w pe\u0142ni wykwalifikowana kadra poszerzaj\u0105ca sw\u0105 wiedz\u0119, uczestnicz\u0105c w kursach, projektach i szkoleniach. Wszyscy dbamy o bezpiecze\u0144stwo dzieci podczas pobytu w przedszkolu i poza nim. Dzi\u0119ki ma\u0142ej ilo\u015bci dzieci w grupie mo\u017cemy po\u015bwi\u0119ci\u0107 wi\u0119cej uwagi ka\u017cdemu z nich. Opr\u00f3cz planowanych zaj\u0119\u0107 proponujemy szereg zaj\u0119\u0107 dodatkowych, wycieczek i innych atrakcji. Wychowujemy dzieci w poszanowaniu dla przyrody, \u015bwiata i w\u0142asnego zdrowia. U\u015bmiech i zadowolenie dzieci jest najlepszym uznaniem dla nauczycieli i wszystkich pracownik\u00f3w przedszkola.<\/p>\n","protected":false},"excerpt":{"rendered":"<p>Nasze przedszkole liczy pi\u0119\u0107 oddzia\u0142\u00f3w. W grupach jest nie wi\u0119cej ni\u017c pi\u0119tna\u015bcioro dzieci. Dzia\u0142alno\u015b\u0107 przedszkola trwa ju\u017c od ponad trzydziestu lat. Nad wychowaniem i edukacj\u0105 dzieci czuwa wykwalifikowana i nieustannie doskonal\u0105ca si\u0119 kadra pedagogiczna. Przedszkole ma do dyspozycji du\u017cy, ogrodzony ogr\u00f3dek, wyposa\u017cony w sprz\u0119t do zabawy dla dzieci. Tworzymy z\u017cyt\u0105 rodzin\u0119 dzieci, rodzic\u00f3w, nauczycieli i [&hellip;]<\/p>\n","protected":false},"author":1,"featured_media":35,"parent":0,"menu_order":0,"comment_status":"closed","ping_status":"closed","template":"","meta":{"ngg_post_thumbnail":0,"footnotes":""},"class_list":["post-38","page","type-page","status-publish","has-post-thumbnail","hentry"],"yoast_head":"<!-- This site is optimized with the Yoast SEO plugin v27.3 - https:\/\/yoast.com\/product\/yoast-seo-wordpress\/ -->\n<title>O Nas - Przedszkole im. Ksi\u0119cia Przemys\u0142awa<\/title>\n<meta name=\"robots\" content=\"noindex, follow\" \/>\n<meta property=\"og:locale\" content=\"pl_PL\" \/>\n<meta property=\"og:type\" content=\"article\" \/>\n<meta property=\"og:title\" content=\"O Nas - Przedszkole im. Ksi\u0119cia Przemys\u0142awa\" \/>\n<meta property=\"og:description\" content=\"Nasze przedszkole liczy pi\u0119\u0107 oddzia\u0142\u00f3w. W grupach jest nie wi\u0119cej ni\u017c pi\u0119tna\u015bcioro dzieci. Dzia\u0142alno\u015b\u0107 przedszkola trwa ju\u017c od ponad trzydziestu lat. Nad wychowaniem i edukacj\u0105 dzieci czuwa wykwalifikowana i nieustannie doskonal\u0105ca si\u0119 kadra pedagogiczna. Przedszkole ma do dyspozycji du\u017cy, ogrodzony ogr\u00f3dek, wyposa\u017cony w sprz\u0119t do zabawy dla dzieci. Tworzymy z\u017cyt\u0105 rodzin\u0119 dzieci, rodzic\u00f3w, nauczycieli i [&hellip;]\" \/>\n<meta property=\"og:url\" content=\"https:\/\/www.przedszkole161.pl\/?page_id=38\" \/>\n<meta property=\"og:site_name\" content=\"Przedszkole im. Ksi\u0119cia Przemys\u0142awa\" \/>\n<meta property=\"article:modified_time\" content=\"2023-02-14T05:10:04+00:00\" \/>\n<meta property=\"og:image\" content=\"https:\/\/www.przedszkole161.pl\/wp-content\/uploads\/2012\/11\/car.png\" \/>\n\t<meta property=\"og:image:width\" content=\"123\" \/>\n\t<meta property=\"og:image:height\" content=\"105\" \/>\n\t<meta property=\"og:image:type\" content=\"image\/png\" \/>\n<meta name=\"twitter:card\" content=\"summary_large_image\" \/>\n<meta name=\"twitter:label1\" content=\"Szacowany czas czytania\" \/>\n\t<meta name=\"twitter:data1\" content=\"1 minuta\" \/>\n<script type=\"application\/ld+json\" class=\"yoast-schema-graph\">{\"@context\":\"https:\\\/\\\/schema.org\",\"@graph\":[{\"@type\":\"WebPage\",\"@id\":\"https:\\\/\\\/www.przedszkole161.pl\\\/?page_id=38\",\"url\":\"https:\\\/\\\/www.przedszkole161.pl\\\/?page_id=38\",\"name\":\"O Nas - Przedszkole im. Ksi\u0119cia Przemys\u0142awa\",\"isPartOf\":{\"@id\":\"https:\\\/\\\/www.przedszkole161.pl\\\/#website\"},\"primaryImageOfPage\":{\"@id\":\"https:\\\/\\\/www.przedszkole161.pl\\\/?page_id=38#primaryimage\"},\"image\":{\"@id\":\"https:\\\/\\\/www.przedszkole161.pl\\\/?page_id=38#primaryimage\"},\"thumbnailUrl\":\"https:\\\/\\\/ple161.poznan.pl\\\/wp-content\\\/uploads\\\/2012\\\/11\\\/car.png\",\"datePublished\":\"2012-12-02T16:55:57+00:00\",\"dateModified\":\"2023-02-14T05:10:04+00:00\",\"breadcrumb\":{\"@id\":\"https:\\\/\\\/www.przedszkole161.pl\\\/?page_id=38#breadcrumb\"},\"inLanguage\":\"pl-PL\",\"potentialAction\":[{\"@type\":\"ReadAction\",\"target\":[\"https:\\\/\\\/www.przedszkole161.pl\\\/?page_id=38\"]}]},{\"@type\":\"ImageObject\",\"inLanguage\":\"pl-PL\",\"@id\":\"https:\\\/\\\/www.przedszkole161.pl\\\/?page_id=38#primaryimage\",\"url\":\"https:\\\/\\\/ple161.poznan.pl\\\/wp-content\\\/uploads\\\/2012\\\/11\\\/car.png\",\"contentUrl\":\"https:\\\/\\\/ple161.poznan.pl\\\/wp-content\\\/uploads\\\/2012\\\/11\\\/car.png\",\"width\":\"123\",\"height\":\"105\"},{\"@type\":\"BreadcrumbList\",\"@id\":\"https:\\\/\\\/www.przedszkole161.pl\\\/?page_id=38#breadcrumb\",\"itemListElement\":[{\"@type\":\"ListItem\",\"position\":1,\"name\":\"Strona g\u0142\u00f3wna\",\"item\":\"https:\\\/\\\/www.przedszkole161.pl\\\/\"},{\"@type\":\"ListItem\",\"position\":2,\"name\":\"O Nas\"}]},{\"@type\":\"WebSite\",\"@id\":\"https:\\\/\\\/www.przedszkole161.pl\\\/#website\",\"url\":\"https:\\\/\\\/www.przedszkole161.pl\\\/\",\"name\":\"Przedszkole im. Ksi\u0119cia Przemys\u0142awa 161\",\"description\":\"\",\"potentialAction\":[{\"@type\":\"SearchAction\",\"target\":{\"@type\":\"EntryPoint\",\"urlTemplate\":\"https:\\\/\\\/www.przedszkole161.pl\\\/?s={search_term_string}\"},\"query-input\":{\"@type\":\"PropertyValueSpecification\",\"valueRequired\":true,\"valueName\":\"search_term_string\"}}],\"inLanguage\":\"pl-PL\"}]}<\/script>\n<!-- \/ Yoast SEO plugin. -->","yoast_head_json":{"title":"O Nas - Przedszkole im. Ksi\u0119cia Przemys\u0142awa","robots":{"index":"noindex","follow":"follow"},"og_locale":"pl_PL","og_type":"article","og_title":"O Nas - Przedszkole im. Ksi\u0119cia Przemys\u0142awa","og_description":"Nasze przedszkole liczy pi\u0119\u0107 oddzia\u0142\u00f3w. W grupach jest nie wi\u0119cej ni\u017c pi\u0119tna\u015bcioro dzieci. Dzia\u0142alno\u015b\u0107 przedszkola trwa ju\u017c od ponad trzydziestu lat. Nad wychowaniem i edukacj\u0105 dzieci czuwa wykwalifikowana i nieustannie doskonal\u0105ca si\u0119 kadra pedagogiczna. Przedszkole ma do dyspozycji du\u017cy, ogrodzony ogr\u00f3dek, wyposa\u017cony w sprz\u0119t do zabawy dla dzieci. Tworzymy z\u017cyt\u0105 rodzin\u0119 dzieci, rodzic\u00f3w, nauczycieli i [&hellip;]","og_url":"https:\/\/www.przedszkole161.pl\/?page_id=38","og_site_name":"Przedszkole im. Ksi\u0119cia Przemys\u0142awa","article_modified_time":"2023-02-14T05:10:04+00:00","og_image":[{"width":123,"height":105,"url":"https:\/\/www.przedszkole161.pl\/wp-content\/uploads\/2012\/11\/car.png","type":"image\/png"}],"twitter_card":"summary_large_image","twitter_misc":{"Szacowany czas czytania":"1 minuta"},"schema":{"@context":"https:\/\/schema.org","@graph":[{"@type":"WebPage","@id":"https:\/\/www.przedszkole161.pl\/?page_id=38","url":"https:\/\/www.przedszkole161.pl\/?page_id=38","name":"O Nas - Przedszkole im. Ksi\u0119cia Przemys\u0142awa","isPartOf":{"@id":"https:\/\/www.przedszkole161.pl\/#website"},"primaryImageOfPage":{"@id":"https:\/\/www.przedszkole161.pl\/?page_id=38#primaryimage"},"image":{"@id":"https:\/\/www.przedszkole161.pl\/?page_id=38#primaryimage"},"thumbnailUrl":"https:\/\/ple161.poznan.pl\/wp-content\/uploads\/2012\/11\/car.png","datePublished":"2012-12-02T16:55:57+00:00","dateModified":"2023-02-14T05:10:04+00:00","breadcrumb":{"@id":"https:\/\/www.przedszkole161.pl\/?page_id=38#breadcrumb"},"inLanguage":"pl-PL","potentialAction":[{"@type":"ReadAction","target":["https:\/\/www.przedszkole161.pl\/?page_id=38"]}]},{"@type":"ImageObject","inLanguage":"pl-PL","@id":"https:\/\/www.przedszkole161.pl\/?page_id=38#primaryimage","url":"https:\/\/ple161.poznan.pl\/wp-content\/uploads\/2012\/11\/car.png","contentUrl":"https:\/\/ple161.poznan.pl\/wp-content\/uploads\/2012\/11\/car.png","width":"123","height":"105"},{"@type":"BreadcrumbList","@id":"https:\/\/www.przedszkole161.pl\/?page_id=38#breadcrumb","itemListElement":[{"@type":"ListItem","position":1,"name":"Strona g\u0142\u00f3wna","item":"https:\/\/www.przedszkole161.pl\/"},{"@type":"ListItem","position":2,"name":"O Nas"}]},{"@type":"WebSite","@id":"https:\/\/www.przedszkole161.pl\/#website","url":"https:\/\/www.przedszkole161.pl\/","name":"Przedszkole im. Ksi\u0119cia Przemys\u0142awa 161","description":"","potentialAction":[{"@type":"SearchAction","target":{"@type":"EntryPoint","urlTemplate":"https:\/\/www.przedszkole161.pl\/?s={search_term_string}"},"query-input":{"@type":"PropertyValueSpecification","valueRequired":true,"valueName":"search_term_string"}}],"inLanguage":"pl-PL"}]}},"_links":{"self":[{"href":"https:\/\/ple161.poznan.pl\/index.php?rest_route=\/wp\/v2\/pages\/38","targetHints":{"allow":["GET"]}}],"collection":[{"href":"https:\/\/ple161.poznan.pl\/index.php?rest_route=\/wp\/v2\/pages"}],"about":[{"href":"https:\/\/ple161.poznan.pl\/index.php?rest_route=\/wp\/v2\/types\/page"}],"author":[{"embeddable":true,"href":"https:\/\/ple161.poznan.pl\/index.php?rest_route=\/wp\/v2\/users\/1"}],"replies":[{"embeddable":true,"href":"https:\/\/ple161.poznan.pl\/index.php?rest_route=%2Fwp%2Fv2%2Fcomments&post=38"}],"version-history":[{"count":13,"href":"https:\/\/ple161.poznan.pl\/index.php?rest_route=\/wp\/v2\/pages\/38\/revisions"}],"predecessor-version":[{"id":7951,"href":"https:\/\/ple161.poznan.pl\/index.php?rest_route=\/wp\/v2\/pages\/38\/revisions\/7951"}],"wp:featuredmedia":[{"embeddable":true,"href":"https:\/\/ple161.poznan.pl\/index.php?rest_route=\/wp\/v2\/media\/35"}],"wp:attachment":[{"href":"https:\/\/ple161.poznan.pl\/index.php?rest_route=%2Fwp%2Fv2%2Fmedia&parent=38"}],"curies":[{"name":"wp","href":"https:\/\/api.w.org\/{rel}","templated":true}]}}